{"id":41,"date":"2020-10-06T20:17:25","date_gmt":"2020-10-06T20:17:25","guid":{"rendered":"http:\/\/ingenioshn.com\/?post_type=product&#038;p=41"},"modified":"2020-10-11T01:33:50","modified_gmt":"2020-10-11T01:33:50","slug":"bolsa-de-carton-b","status":"publish","type":"product","link":"https:\/\/ingenioshn.com\/index.php\/producto\/bolsa-de-carton-b\/","title":{"rendered":"Bolsa de cart\u00f3n \u00abB\u00bb"},"content":{"rendered":"<p>Bolsa de cart\u00f3n para usos m\u00faltiples y de diferentes colores, impresas con su informaci\u00f3n de tienda o producto.<\/p>\n","protected":false},"excerpt":{"rendered":"<p>Bolsa con asas.<\/p>\n","protected":false},"featured_media":42,"template":"","meta":[],"class_list":{"0":"post-41","1":"product","2":"type-product","3":"status-publish","4":"has-post-thumbnail","5":"hentry","6":"product_cat-embalaje","7":"product_tag-asas","8":"product_tag-bolsas","9":"product_tag-carton","10":"product_tag-embalaje","11":"product_tag-empaque","12":"product_tag-papel","13":"product_tag-tienda","14":"product_tag-zapatos","16":"entry","17":"has-media","18":"owp-thumbs-layout-horizontal","19":"owp-btn-normal","20":"owp-tabs-layout-horizontal","21":"has-no-thumbnails"},"_links":{"self":[{"href":"https:\/\/ingenioshn.com\/index.php\/wp-json\/wp\/v2\/product\/41","targetHints":{"allow":["GET"]}}],"collection":[{"href":"https:\/\/ingenioshn.com\/index.php\/wp-json\/wp\/v2\/product"}],"about":[{"href":"https:\/\/ingenioshn.com\/index.php\/wp-json\/wp\/v2\/types\/product"}],"wp:featuredmedia":[{"embeddable":true,"href":"https:\/\/ingenioshn.com\/index.php\/wp-json\/wp\/v2\/media\/42"}],"wp:attachment":[{"href":"https:\/\/ingenioshn.com\/index.php\/wp-json\/wp\/v2\/media?parent=41"}],"curies":[{"name":"wp","href":"https:\/\/api.w.org\/{rel}","templated":true}]}}